{"id":171,"date":"2025-06-13T12:20:35","date_gmt":"2025-06-13T10:20:35","guid":{"rendered":"https:\/\/bde.isae-supmeca.fr\/?page_id=171"},"modified":"2025-08-08T15:51:21","modified_gmt":"2025-08-08T13:51:21","slug":"mentions-legales","status":"publish","type":"page","link":"https:\/\/bde.isae-supmeca.fr\/index.php\/mentions-legales\/","title":{"rendered":"Mentions l\u00e9gales"},"content":{"rendered":"<div style=\"max-width: 1200px; width: 95%; margin: 2rem auto; padding: 3rem 2rem; background-color: #eaeae3; color: #000000; font-family: 'Segoe UI', sans-serif; line-height: 1.7; border-radius: 16px; box-shadow: 0 6px 12px rgba(13, 74, 15, 0.1);\">\n<h1 style=\"text-align: center; font-size: 2.5rem; color: #0d4a0f; margin-bottom: 2rem;\">Mentions l\u00e9gales<\/h1>\n<h2 style=\"color: #0d4a0f;\">1. \u00c9diteur du site<\/h2>\n<p><strong>Bureau des \u00c9l\u00e8ves de l\u2019ISAE-Supm\u00e9ca<\/strong><br \/>\nAssociation loi 1901<br \/>\nISAE-Supm\u00e9ca \u2013 3 Rue Fernand Hainaut, 93400 Saint-Ouen, France<br \/>\nEmail : <a href=\"mailto:bde@isae-supmeca.fr\">bde@isae-supmeca.fr<\/a><br \/>\nDirecteur de la publication : Pr\u00e9sident\u00b7e du BDE d&rsquo;ISAE-Supm\u00e9ca<\/p>\n<h2 style=\"color: #0d4a0f;\">2. H\u00e9bergement<\/h2>\n<p><strong>ISAE-Supm\u00e9ca<\/strong><br \/>\n3 Rue Fernand Hainaut, 93400 Saint-Ouen, France<br \/>\nSite web : <a style=\"color: #0d4a0f; text-decoration: underline;\" href=\"https:\/\/www.supmeca.fr\" target=\"_blank\" rel=\"noopener\">www.isae-supmeca.fr<\/a><\/p>\n<h2 style=\"color: #0d4a0f;\">3. Propri\u00e9t\u00e9 intellectuelle<\/h2>\n<p>Les contenus pr\u00e9sents sur ce site (textes, images, vid\u00e9os, logos, etc.) sont la propri\u00e9t\u00e9 exclusive du BDE ISAE-Supm\u00e9ca, sauf mention contraire. Toute reproduction, diffusion ou modification sans autorisation est interdite.<\/p>\n<h2 style=\"color: #0d4a0f;\">4. Responsabilit\u00e9<\/h2>\n<p>Les informations diffus\u00e9es sur ce site sont fournies \u00e0 titre indicatif. Le BDE ISAE-Supm\u00e9ca ne saurait \u00eatre tenu responsable des erreurs ou omissions, ni de l\u2019utilisation qui pourrait \u00eatre faite des contenus.<br \/>\nDes liens vers des sites tiers peuvent \u00eatre propos\u00e9s ; le BDE n\u2019exerce aucun contr\u00f4le sur leur contenu.<\/p>\n<h2 style=\"color: #0d4a0f;\">5. Donn\u00e9es personnelles<\/h2>\n<p>Ce site ne collecte aucune donn\u00e9e personnelle sans votre consentement. Aucune information n\u2019est transmise \u00e0 des tiers.<br \/>\nPour toute question relative aux donn\u00e9es vous concernant, vous pouvez \u00e9crire \u00e0 : <a style=\"color: #0d4a0f; text-decoration: underline;\" href=\"mailto:bde@isae-supmeca.fr\">bde@isae-supmeca.fr<\/a><\/p>\n<h2 style=\"color: #0d4a0f;\">6. Cookies<\/h2>\n<p>Ce site n\u2019utilise pas de cookies de suivi ou de mesure d\u2019audience.<\/p>\n<p style=\"text-align: right; font-size: 0.9rem; color: #444;\">Derni\u00e8re mise \u00e0 jour : juin 2025<\/p>\n<\/div>\n","protected":false},"excerpt":{"rendered":"<p>Mentions l\u00e9gales 1. \u00c9diteur du site Bureau des \u00c9l\u00e8ves de l\u2019ISAE-Supm\u00e9ca Association loi 1901 ISAE-Supm\u00e9ca \u2013 3 Rue Fernand Hainaut, 93400 Saint-Ouen, France Email : bde@isae-supmeca.fr Directeur de la publication : Pr\u00e9sident\u00b7e du BDE d&rsquo;ISAE-Supm\u00e9ca 2. H\u00e9bergement ISAE-Supm\u00e9ca 3 Rue Fernand Hainaut, 93400 Saint-Ouen, France Site web : www.isae-supmeca.fr 3. Propri\u00e9t\u00e9 intellectuelle Les contenus pr\u00e9sents [&hellip;]<\/p>\n","protected":false},"author":2,"featured_media":0,"parent":0,"menu_order":0,"comment_status":"closed","ping_status":"closed","template":"","meta":{"footnotes":""},"class_list":["post-171","page","type-page","status-publish","hentry"],"_links":{"self":[{"href":"https:\/\/bde.isae-supmeca.fr\/index.php\/wp-json\/wp\/v2\/pages\/171","targetHints":{"allow":["GET"]}}],"collection":[{"href":"https:\/\/bde.isae-supmeca.fr\/index.php\/wp-json\/wp\/v2\/pages"}],"about":[{"href":"https:\/\/bde.isae-supmeca.fr\/index.php\/wp-json\/wp\/v2\/types\/page"}],"author":[{"embeddable":true,"href":"https:\/\/bde.isae-supmeca.fr\/index.php\/wp-json\/wp\/v2\/users\/2"}],"replies":[{"embeddable":true,"href":"https:\/\/bde.isae-supmeca.fr\/index.php\/wp-json\/wp\/v2\/comments?post=171"}],"version-history":[{"count":6,"href":"https:\/\/bde.isae-supmeca.fr\/index.php\/wp-json\/wp\/v2\/pages\/171\/revisions"}],"predecessor-version":[{"id":236,"href":"https:\/\/bde.isae-supmeca.fr\/index.php\/wp-json\/wp\/v2\/pages\/171\/revisions\/236"}],"wp:attachment":[{"href":"https:\/\/bde.isae-supmeca.fr\/index.php\/wp-json\/wp\/v2\/media?parent=171"}],"curies":[{"name":"wp","href":"https:\/\/api.w.org\/{rel}","templated":true}]}}