{"id":122,"date":"2025-06-13T09:50:18","date_gmt":"2025-06-13T07:50:18","guid":{"rendered":"https:\/\/bde.isae-supmeca.fr\/?page_id=122"},"modified":"2026-01-29T11:26:37","modified_gmt":"2026-01-29T10:26:37","slug":"les-evenements","status":"publish","type":"page","link":"https:\/\/bde.isae-supmeca.fr\/index.php\/les-evenements\/","title":{"rendered":"Les \u00c9v\u00e8nements"},"content":{"rendered":"\n<div class=\"wp-block-cover alignfull\" style=\"padding-top:2%;min-height:504px;aspect-ratio:unset;\"><img loading=\"lazy\" decoding=\"async\" width=\"2048\" height=\"1365\" class=\"wp-block-cover__image-background wp-image-195 size-full\" alt=\"\" src=\"https:\/\/bde.isae-supmeca.fr\/wp-content\/uploads\/2025\/06\/487921107_3996274963917498_7930207400456859600_n.jpg\" style=\"object-position:44% 36%\" data-object-fit=\"cover\" data-object-position=\"44% 36%\" srcset=\"https:\/\/bde.isae-supmeca.fr\/wp-content\/uploads\/2025\/06\/487921107_3996274963917498_7930207400456859600_n.jpg 2048w, https:\/\/bde.isae-supmeca.fr\/wp-content\/uploads\/2025\/06\/487921107_3996274963917498_7930207400456859600_n-300x200.jpg 300w, https:\/\/bde.isae-supmeca.fr\/wp-content\/uploads\/2025\/06\/487921107_3996274963917498_7930207400456859600_n-1024x683.jpg 1024w, https:\/\/bde.isae-supmeca.fr\/wp-content\/uploads\/2025\/06\/487921107_3996274963917498_7930207400456859600_n-768x512.jpg 768w, https:\/\/bde.isae-supmeca.fr\/wp-content\/uploads\/2025\/06\/487921107_3996274963917498_7930207400456859600_n-1536x1024.jpg 1536w\" sizes=\"auto, (max-width: 2048px) 100vw, 2048px\" \/><span aria-hidden=\"true\" class=\"wp-block-cover__background has-background-dim-0 has-background-dim\" style=\"background-color:#534a46\"><\/span><div class=\"wp-block-cover__inner-container has-global-padding is-layout-constrained wp-container-core-cover-is-layout-ee51f2d2 wp-block-cover-is-layout-constrained\">\n<div class=\"wp-block-group alignwide is-vertical is-content-justification-center is-layout-flex wp-container-core-group-is-layout-5e763914 wp-block-group-is-layout-flex\" style=\"min-height:8rem\">\n<div class=\"wp-block-group has-global-padding is-layout-constrained wp-container-core-group-is-layout-bea02a06 wp-block-group-is-layout-constrained\">\n<h2 class=\"wp-block-heading has-text-align-center has-custom-color-3-color has-text-color\" style=\"margin-top:0rem;margin-bottom:1.01rem;font-size:clamp(2.071rem, 2.071rem + ((1vw - 0.2rem) * 2.98), 3.71rem);font-style:normal;font-weight:400;line-height:1;text-transform:capitalize\">Les \u00c9v\u00e8nements<\/h2>\n<\/div>\n<\/div>\n<\/div><\/div>\n\n\n\n<div class=\"wp-block-group alignfull is-vertical is-content-justification-center is-layout-flex wp-container-core-group-is-layout-ce155fab wp-block-group-is-layout-flex\">\n<h3 class=\"wp-block-heading has-text-align-center has-custom-color-2-color has-text-color\" style=\"margin-top:0.5rem;margin-bottom:1.01rem;font-size:clamp(1.044rem, 1.044rem + ((1vw - 0.2rem) * 1.029), 1.61rem);font-style:normal;font-weight:500;letter-spacing:0px;line-height:1.3;text-transform:capitalize\">Soir\u00e9es et Afterworks<\/h3>\n\n\n\n<figure class=\"wp-block-image aligncenter size-full is-resized\"><img loading=\"lazy\" decoding=\"async\" width=\"2048\" height=\"1365\" src=\"https:\/\/bde.isae-supmeca.fr\/wp-content\/uploads\/2025\/06\/473986249_122265770366022575_861747374303775874_n.jpg\" alt=\"\" class=\"wp-image-196\" style=\"width:575px;height:auto\" srcset=\"https:\/\/bde.isae-supmeca.fr\/wp-content\/uploads\/2025\/06\/473986249_122265770366022575_861747374303775874_n.jpg 2048w, https:\/\/bde.isae-supmeca.fr\/wp-content\/uploads\/2025\/06\/473986249_122265770366022575_861747374303775874_n-300x200.jpg 300w, https:\/\/bde.isae-supmeca.fr\/wp-content\/uploads\/2025\/06\/473986249_122265770366022575_861747374303775874_n-1024x683.jpg 1024w, https:\/\/bde.isae-supmeca.fr\/wp-content\/uploads\/2025\/06\/473986249_122265770366022575_861747374303775874_n-768x512.jpg 768w, https:\/\/bde.isae-supmeca.fr\/wp-content\/uploads\/2025\/06\/473986249_122265770366022575_861747374303775874_n-1536x1024.jpg 1536w\" sizes=\"auto, (max-width: 2048px) 100vw, 2048px\" \/><\/figure>\n\n\n\n<p class=\"has-text-align-center has-text-color\" style=\"color:#03081e;margin-top:0rem;font-size:clamp(0.875rem, 0.875rem + ((1vw - 0.2rem) * 0.245), 1.01rem);font-style:normal;font-weight:400;line-height:1.6\">Afterworks chill, soir\u00e9es BDE \u00e0 l&rsquo;ambiance survolt\u00e9e, ap\u00e9ros tranquilles ou grosses vibes\u2026 il y en a pour tous les go\u00fbts, toute l\u2019ann\u00e9e !&nbsp;<\/p>\n\n\n\n<div style=\"height:12px\" aria-hidden=\"true\" class=\"wp-block-spacer wp-container-content-d5c5dac1\"><\/div>\n<\/div>\n\n\n\n<div class=\"wp-block-group alignfull has-custom-color-3-background-color has-background is-vertical is-content-justification-center is-layout-flex wp-container-core-group-is-layout-ce155fab wp-block-group-is-layout-flex\">\n<h3 class=\"wp-block-heading alignfull has-text-align-center has-custom-color-2-color has-text-color\" style=\"margin-top:0.5rem;margin-bottom:1.01rem;font-size:clamp(1.044rem, 1.044rem + ((1vw - 0.2rem) * 1.029), 1.61rem);font-style:normal;font-weight:500;letter-spacing:0px;line-height:1.3;text-transform:capitalize\">Week-End d&rsquo;Int\u00e9gration<\/h3>\n\n\n\n<figure class=\"wp-block-image aligncenter size-full is-resized\"><img loading=\"lazy\" decoding=\"async\" width=\"2048\" height=\"1365\" src=\"https:\/\/bde.isae-supmeca.fr\/wp-content\/uploads\/2025\/06\/488485989_3996881350523526_6458722461343248270_n.jpg\" alt=\"\" class=\"wp-image-197\" style=\"width:615px;height:auto\" srcset=\"https:\/\/bde.isae-supmeca.fr\/wp-content\/uploads\/2025\/06\/488485989_3996881350523526_6458722461343248270_n.jpg 2048w, https:\/\/bde.isae-supmeca.fr\/wp-content\/uploads\/2025\/06\/488485989_3996881350523526_6458722461343248270_n-300x200.jpg 300w, https:\/\/bde.isae-supmeca.fr\/wp-content\/uploads\/2025\/06\/488485989_3996881350523526_6458722461343248270_n-1024x683.jpg 1024w, https:\/\/bde.isae-supmeca.fr\/wp-content\/uploads\/2025\/06\/488485989_3996881350523526_6458722461343248270_n-768x512.jpg 768w, https:\/\/bde.isae-supmeca.fr\/wp-content\/uploads\/2025\/06\/488485989_3996881350523526_6458722461343248270_n-1536x1024.jpg 1536w\" sizes=\"auto, (max-width: 2048px) 100vw, 2048px\" \/><\/figure>\n\n\n\n<p class=\"has-text-align-center has-custom-color-5-color has-text-color\" style=\"margin-top:0rem;font-size:clamp(0.875rem, 0.875rem + ((1vw - 0.2rem) * 0.245), 1.01rem);font-style:normal;font-weight:400;line-height:1.6\">Le Week-End d\u2019Int\u00e9gration (WEI) organis\u00e9 par la Team WEI, c\u2019est LE moment \u00e0 ne pas rater en d\u00e9but d\u2019ann\u00e9e ! C\u2019est l\u2019occasion de rencontrer plein de monde, de tisser des liens avec toutes les promos et de d\u00e9couvrir l\u2019ambiance unique d\u2019ISAE-Supm\u00e9ca. Au programme : fun, traditions et des moments m\u00e9morables. Tu te sens chaud.e pour vivre des instants de folie ? Viens partager ce week-end exceptionnel !&nbsp;<\/p>\n\n\n\n<div style=\"height:16px\" aria-hidden=\"true\" class=\"wp-block-spacer wp-container-content-f2708022\"><\/div>\n<\/div>\n\n\n\n<div class=\"wp-block-group is-vertical is-content-justification-center is-layout-flex wp-container-core-group-is-layout-ce155fab wp-block-group-is-layout-flex\">\n<h3 class=\"wp-block-heading has-text-align-center has-custom-color-2-color has-text-color\" style=\"margin-top:0.5rem;margin-bottom:1.01rem;font-size:clamp(1.044rem, 1.044rem + ((1vw - 0.2rem) * 1.029), 1.61rem);font-style:normal;font-weight:500;letter-spacing:0px;line-height:1.3;text-transform:capitalize\">Week-End Culturel<\/h3>\n\n\n\n<figure class=\"wp-block-image aligncenter size-full is-resized\"><img loading=\"lazy\" decoding=\"async\" width=\"1920\" height=\"1280\" src=\"https:\/\/bde.isae-supmeca.fr\/wp-content\/uploads\/2025\/06\/486476364_1827150518031829_3961256118971802127_n-2.jpg\" alt=\"\" class=\"wp-image-198\" style=\"width:448px;height:auto\" srcset=\"https:\/\/bde.isae-supmeca.fr\/wp-content\/uploads\/2025\/06\/486476364_1827150518031829_3961256118971802127_n-2.jpg 1920w, https:\/\/bde.isae-supmeca.fr\/wp-content\/uploads\/2025\/06\/486476364_1827150518031829_3961256118971802127_n-2-300x200.jpg 300w, https:\/\/bde.isae-supmeca.fr\/wp-content\/uploads\/2025\/06\/486476364_1827150518031829_3961256118971802127_n-2-1024x683.jpg 1024w, https:\/\/bde.isae-supmeca.fr\/wp-content\/uploads\/2025\/06\/486476364_1827150518031829_3961256118971802127_n-2-768x512.jpg 768w, https:\/\/bde.isae-supmeca.fr\/wp-content\/uploads\/2025\/06\/486476364_1827150518031829_3961256118971802127_n-2-1536x1024.jpg 1536w\" sizes=\"auto, (max-width: 1920px) 100vw, 1920px\" \/><\/figure>\n\n\n\n<p class=\"has-text-align-center has-text-color\" style=\"color:#03081e;margin-top:0rem;font-size:clamp(0.875rem, 0.875rem + ((1vw - 0.2rem) * 0.245), 1.01rem);font-style:normal;font-weight:400;line-height:1.6\">Le WEC (Week-End Culturel), organis\u00e9 par le BDE en octobre, est un \u00e9v\u00e9nement phare de ton d\u00e9but d\u2019ann\u00e9e \u00e0 Supm\u00e9ca. Apr\u00e8s un mois de rentr\u00e9e, tu pars avec ta promo \u00e0 la d\u00e9couverte de grandes villes europ\u00e9ennes comme&nbsp;<strong>Bruxelles<\/strong>&nbsp;et&nbsp;<strong>Amsterdam<\/strong>. Pendant trois jours, tu pourras profiter de visites culturelles, de moments de d\u00e9tente et de soir\u00e9es m\u00e9morables. C\u2019est une occasion id\u00e9ale pour vivre une aventure collective, d\u00e9couvrir de nouvelles cultures et cr\u00e9er des souvenirs inoubliables. Le BDE s\u2019occupe de tout : transport, h\u00e9bergement, activit\u00e9s et soir\u00e9es, tu n\u2019as qu\u2019\u00e0 pr\u00e9parer ton sac et profiter du voyage.<\/p>\n\n\n\n<div style=\"height:14px\" aria-hidden=\"true\" class=\"wp-block-spacer wp-container-content-943fad18\"><\/div>\n<\/div>\n\n\n\n<div class=\"wp-block-group alignfull has-custom-color-3-background-color has-background is-vertical is-content-justification-center is-layout-flex wp-container-core-group-is-layout-ce155fab wp-block-group-is-layout-flex\">\n<h3 class=\"wp-block-heading has-text-align-center has-custom-color-2-color has-text-color\" style=\"margin-top:0.5rem;margin-bottom:1.01rem;font-size:clamp(1.044rem, 1.044rem + ((1vw - 0.2rem) * 1.029), 1.61rem);font-style:normal;font-weight:500;letter-spacing:0px;line-height:1.3;text-transform:capitalize\">Le Ski<\/h3>\n\n\n\n<figure class=\"wp-block-image aligncenter size-full is-resized\"><img loading=\"lazy\" decoding=\"async\" width=\"1180\" height=\"1180\" src=\"https:\/\/bde.isae-supmeca.fr\/wp-content\/uploads\/2025\/06\/494691708_1454840485508589_5955223746976473680_n-edited.jpg\" alt=\"\" class=\"wp-image-200\" style=\"width:446px;height:auto\" srcset=\"https:\/\/bde.isae-supmeca.fr\/wp-content\/uploads\/2025\/06\/494691708_1454840485508589_5955223746976473680_n-edited.jpg 1180w, https:\/\/bde.isae-supmeca.fr\/wp-content\/uploads\/2025\/06\/494691708_1454840485508589_5955223746976473680_n-edited-300x300.jpg 300w, https:\/\/bde.isae-supmeca.fr\/wp-content\/uploads\/2025\/06\/494691708_1454840485508589_5955223746976473680_n-edited-1024x1024.jpg 1024w, https:\/\/bde.isae-supmeca.fr\/wp-content\/uploads\/2025\/06\/494691708_1454840485508589_5955223746976473680_n-edited-150x150.jpg 150w, https:\/\/bde.isae-supmeca.fr\/wp-content\/uploads\/2025\/06\/494691708_1454840485508589_5955223746976473680_n-edited-768x768.jpg 768w\" sizes=\"auto, (max-width: 1180px) 100vw, 1180px\" \/><\/figure>\n\n\n\n<p class=\"has-text-align-center has-text-color\" style=\"color:#03081e;margin-top:0rem;font-size:clamp(0.875rem, 0.875rem + ((1vw - 0.2rem) * 0.245), 1.01rem);font-style:normal;font-weight:400;line-height:1.6\">F\u00e9vrier = Destination Surprise \ud83d\uddfb ! Pendant les vacances inter semestres, c&rsquo;est un des seuls moments o\u00f9 toutes les promos sont \u00e0 l&rsquo;\u00e9cole en m\u00eame temps. Entre descentes, f\u00eates, boules de neige et les campagnes des listes BDE c\u2019est litt\u00e9ralement les <strong>pr\u00e9sidentielles<\/strong> du BDE de Supm\u00e9ca\u2026 mais \u00e0 la neige ! Tous les plaisirs sont au rendez-vous pour un s\u00e9jour unique.<\/p>\n\n\n\n<div style=\"height:29px\" aria-hidden=\"true\" class=\"wp-block-spacer wp-container-content-168a214d\"><\/div>\n<\/div>\n\n\n\n<div class=\"wp-block-group alignfull is-vertical is-content-justification-center is-layout-flex wp-container-core-group-is-layout-ce155fab wp-block-group-is-layout-flex\">\n<h3 class=\"wp-block-heading has-text-align-center has-custom-color-2-color has-text-color\" style=\"margin-top:0.5rem;margin-bottom:1.01rem;font-size:clamp(1.044rem, 1.044rem + ((1vw - 0.2rem) * 1.029), 1.61rem);font-style:normal;font-weight:500;letter-spacing:0px;line-height:1.3;text-transform:capitalize\">Le Gala<\/h3>\n\n\n\n<figure class=\"wp-block-image aligncenter size-full is-resized\"><img loading=\"lazy\" decoding=\"async\" width=\"1679\" height=\"1236\" src=\"https:\/\/bde.isae-supmeca.fr\/wp-content\/uploads\/2025\/06\/IMG_7230.jpg\" alt=\"\" class=\"wp-image-207\" style=\"width:520px\" srcset=\"https:\/\/bde.isae-supmeca.fr\/wp-content\/uploads\/2025\/06\/IMG_7230.jpg 1679w, https:\/\/bde.isae-supmeca.fr\/wp-content\/uploads\/2025\/06\/IMG_7230-300x221.jpg 300w, https:\/\/bde.isae-supmeca.fr\/wp-content\/uploads\/2025\/06\/IMG_7230-1024x754.jpg 1024w, https:\/\/bde.isae-supmeca.fr\/wp-content\/uploads\/2025\/06\/IMG_7230-768x565.jpg 768w, https:\/\/bde.isae-supmeca.fr\/wp-content\/uploads\/2025\/06\/IMG_7230-1536x1131.jpg 1536w\" sizes=\"auto, (max-width: 1679px) 100vw, 1679px\" \/><\/figure>\n\n\n\n<p class=\"has-text-align-center has-text-color\" style=\"color:#03081e;margin-top:0rem;font-size:clamp(0.875rem, 0.875rem + ((1vw - 0.2rem) * 0.245), 1.01rem);font-style:normal;font-weight:400;line-height:1.6\">En juin, \u00e0 la suite de la remise des dipl\u00f4mes, on sort les tenues classes ! Le gala, c\u2019est la soir\u00e9e o\u00f9 on c\u00e9l\u00e8bre la diplomation des anciens, qu\u2019on leur dit au revoir\u2026 et qu\u2019on trinque ensemble avant les stages ou les vacances. \u00c9l\u00e9gance, \u00e9motion et f\u00eate sont au rendez-vous.<\/p>\n<\/div>\n\n\n\n<p><\/p>\n","protected":false},"excerpt":{"rendered":"<p>Soir\u00e9es et Afterworks Afterworks chill, soir\u00e9es BDE \u00e0 l&rsquo;ambiance survolt\u00e9e, ap\u00e9ros tranquilles ou grosses vibes\u2026 il y en a pour tous les go\u00fbts, toute l\u2019ann\u00e9e !&nbsp; Week-End d&rsquo;Int\u00e9gration Le Week-End d\u2019Int\u00e9gration (WEI) organis\u00e9 par la Team WEI, c\u2019est LE moment \u00e0 ne pas rater en d\u00e9but d\u2019ann\u00e9e ! C\u2019est l\u2019occasion de rencontrer plein de monde, [&hellip;]<\/p>\n","protected":false},"author":2,"featured_media":0,"parent":0,"menu_order":0,"comment_status":"closed","ping_status":"closed","template":"","meta":{"footnotes":""},"class_list":["post-122","page","type-page","status-publish","hentry"],"_links":{"self":[{"href":"https:\/\/bde.isae-supmeca.fr\/index.php\/wp-json\/wp\/v2\/pages\/122","targetHints":{"allow":["GET"]}}],"collection":[{"href":"https:\/\/bde.isae-supmeca.fr\/index.php\/wp-json\/wp\/v2\/pages"}],"about":[{"href":"https:\/\/bde.isae-supmeca.fr\/index.php\/wp-json\/wp\/v2\/types\/page"}],"author":[{"embeddable":true,"href":"https:\/\/bde.isae-supmeca.fr\/index.php\/wp-json\/wp\/v2\/users\/2"}],"replies":[{"embeddable":true,"href":"https:\/\/bde.isae-supmeca.fr\/index.php\/wp-json\/wp\/v2\/comments?post=122"}],"version-history":[{"count":17,"href":"https:\/\/bde.isae-supmeca.fr\/index.php\/wp-json\/wp\/v2\/pages\/122\/revisions"}],"predecessor-version":[{"id":241,"href":"https:\/\/bde.isae-supmeca.fr\/index.php\/wp-json\/wp\/v2\/pages\/122\/revisions\/241"}],"wp:attachment":[{"href":"https:\/\/bde.isae-supmeca.fr\/index.php\/wp-json\/wp\/v2\/media?parent=122"}],"curies":[{"name":"wp","href":"https:\/\/api.w.org\/{rel}","templated":true}]}}