{"id":120,"date":"2025-06-13T09:50:03","date_gmt":"2025-06-13T07:50:03","guid":{"rendered":"https:\/\/bde.isae-supmeca.fr\/?page_id=120"},"modified":"2025-09-01T11:48:30","modified_gmt":"2025-09-01T09:48:30","slug":"les-assos","status":"publish","type":"page","link":"https:\/\/bde.isae-supmeca.fr\/index.php\/les-assos\/","title":{"rendered":"Les Assos"},"content":{"rendered":"\n<div class=\"wp-block-cover alignfull\" style=\"margin-top:0;margin-bottom:0;min-height:492px;aspect-ratio:unset;\"><img loading=\"lazy\" decoding=\"async\" width=\"1024\" height=\"683\" class=\"wp-block-cover__image-background wp-image-191 size-large\" alt=\"\" src=\"https:\/\/bde.isae-supmeca.fr\/wp-content\/uploads\/2025\/06\/482191010_122228398256195178_5641024355887771049_n-1024x683.jpg\" style=\"object-position:51% 71%\" data-object-fit=\"cover\" data-object-position=\"51% 71%\" srcset=\"https:\/\/bde.isae-supmeca.fr\/wp-content\/uploads\/2025\/06\/482191010_122228398256195178_5641024355887771049_n-1024x683.jpg 1024w, https:\/\/bde.isae-supmeca.fr\/wp-content\/uploads\/2025\/06\/482191010_122228398256195178_5641024355887771049_n-300x200.jpg 300w, https:\/\/bde.isae-supmeca.fr\/wp-content\/uploads\/2025\/06\/482191010_122228398256195178_5641024355887771049_n-768x512.jpg 768w, https:\/\/bde.isae-supmeca.fr\/wp-content\/uploads\/2025\/06\/482191010_122228398256195178_5641024355887771049_n-1536x1024.jpg 1536w, https:\/\/bde.isae-supmeca.fr\/wp-content\/uploads\/2025\/06\/482191010_122228398256195178_5641024355887771049_n.jpg 1920w\" sizes=\"auto, (max-width: 1024px) 100vw, 1024px\" \/><span aria-hidden=\"true\" class=\"wp-block-cover__background has-background-dim-20 has-background-dim\" style=\"background-color:#7a7676\"><\/span><div class=\"wp-block-cover__inner-container is-layout-flow wp-block-cover-is-layout-flow\">\n<p class=\"has-text-align-center has-large-font-size\"><\/p>\n<\/div><\/div>\n\n\n\n<div class=\"wp-block-group alignfull has-global-padding is-content-justification-center is-layout-constrained wp-block-group-is-layout-constrained\">\n<h2 class=\"wp-block-heading has-text-align-center has-custom-color-2-color has-text-color has-link-color wp-elements-e7412d5d0eda12e575b22150ea1d2aca\" style=\"font-size:clamp(29.768px, 1.861rem + ((1vw - 3.2px) * 2.526), 52px);font-style:normal;font-weight:600\">Les Assos de Supm\u00e9ca<\/h2>\n\n\n\n<p class=\"has-text-align-center has-custom-color-5-color has-text-color\" style=\"font-size:clamp(14px, 0.875rem + ((1vw - 3.2px) * 0.227), 16px);\">Les assos \u00e0 ISAE-Supm\u00e9ca, c\u2019est l\u2019\u00e2me de l\u2019\u00e9cole ! Elles organisent les projets, les sorties, les comp\u00e9titions, les cr\u00e9ations, et t\u2019offrent plein d\u2019opportunit\u00e9s de t\u2019investir et t\u2019\u00e9clater.&nbsp; De l&rsquo;art, au sport, en passant par l&rsquo;humanitaire, il y en a pour tout le monde<\/p>\n\n\n\n<div style=\"height:53px\" aria-hidden=\"true\" class=\"wp-block-spacer\"><\/div>\n<\/div>\n\n\n\n<div class=\"wp-block-group alignfull has-global-padding is-layout-constrained wp-block-group-is-layout-constrained\">\n<h2 class=\"wp-block-heading alignfull has-text-align-center has-custom-color-2-color has-text-color\" style=\"font-size:clamp(29.768px, 1.861rem + ((1vw - 3.2px) * 2.526), 52px);font-style:normal;font-weight:600\">Les Assos ont tenu \u00e0 se pr\u00e9senter !<\/h2>\n\n\n\n<div class=\"wp-block-columns alignfull is-layout-flex wp-container-core-columns-is-layout-17070c2b wp-block-columns-is-layout-flex\">\n<div class=\"wp-block-column is-layout-flow wp-container-core-column-is-layout-3ca914a4 wp-block-column-is-layout-flow\">\n<h6 class=\"wp-block-heading has-text-align-center has-contrast-color has-text-color\" style=\"font-size:clamp(15.747px, 0.984rem + ((1vw - 3.2px) * 0.938), 24px);font-style:normal;font-weight:600;text-transform:none\">Le \ud835\udcd1\ud835\udcea\ud835\udcd0\ud835\udcea\ud835\udce1<\/h6>\n\n\n\n<figure class=\"wp-block-image aligncenter size-full is-resized\"><img loading=\"lazy\" decoding=\"async\" width=\"1024\" height=\"1024\" src=\"https:\/\/bde.isae-supmeca.fr\/wp-content\/uploads\/2025\/06\/\ud835\udcd1\ud835\udcea\ud835\udcd0\ud835\udcea\ud835\udce1-2.jpeg\" alt=\"\" class=\"wp-image-66\" style=\"width:100px\" srcset=\"https:\/\/bde.isae-supmeca.fr\/wp-content\/uploads\/2025\/06\/\ud835\udcd1\ud835\udcea\ud835\udcd0\ud835\udcea\ud835\udce1-2.jpeg 1024w, https:\/\/bde.isae-supmeca.fr\/wp-content\/uploads\/2025\/06\/\ud835\udcd1\ud835\udcea\ud835\udcd0\ud835\udcea\ud835\udce1-2-300x300.jpeg 300w, https:\/\/bde.isae-supmeca.fr\/wp-content\/uploads\/2025\/06\/\ud835\udcd1\ud835\udcea\ud835\udcd0\ud835\udcea\ud835\udce1-2-150x150.jpeg 150w, https:\/\/bde.isae-supmeca.fr\/wp-content\/uploads\/2025\/06\/\ud835\udcd1\ud835\udcea\ud835\udcd0\ud835\udcea\ud835\udce1-2-768x768.jpeg 768w\" sizes=\"auto, (max-width: 1024px) 100vw, 1024px\" \/><\/figure>\n\n\n\n<p class=\"has-text-align-center has-custom-color-5-color has-text-color\" style=\"font-size:14px;line-height:1.8\">Bienvenue au CleBaAaRd, jeune toutou ! Viens remuer la queue autour d\u2019un bon breuvage ou d\u2019un simple caf\u00e9, servi avec amour par nos fid\u00e8les BaAaRmen et BaAaRmaids. Ici, pas d\u2019os dor\u00e9s ni de nuages moelleux, mais des bols bien remplis et une meute qui n\u2019attend que toi : la grande meute du CleBaAaRd !<\/p>\n\n\n\n<p><\/p>\n<\/div>\n\n\n\n<div class=\"wp-block-column is-layout-flow wp-container-core-column-is-layout-3ca914a4 wp-block-column-is-layout-flow\">\n<h6 class=\"wp-block-heading has-text-align-center has-contrast-color has-text-color\" style=\"font-size:clamp(15.747px, 0.984rem + ((1vw - 3.2px) * 0.938), 24px);font-style:normal;font-weight:600;text-transform:none\">Supm\u00e9c&rsquo;A\u00e9ro<\/h6>\n\n\n\n<figure class=\"wp-block-image aligncenter size-full is-resized\"><img loading=\"lazy\" decoding=\"async\" width=\"2560\" height=\"2560\" src=\"https:\/\/bde.isae-supmeca.fr\/wp-content\/uploads\/2025\/06\/SupmecAERO-1-scaled.png\" alt=\"\" class=\"wp-image-67\" style=\"width:100px\" srcset=\"https:\/\/bde.isae-supmeca.fr\/wp-content\/uploads\/2025\/06\/SupmecAERO-1-scaled.png 2560w, https:\/\/bde.isae-supmeca.fr\/wp-content\/uploads\/2025\/06\/SupmecAERO-1-300x300.png 300w, https:\/\/bde.isae-supmeca.fr\/wp-content\/uploads\/2025\/06\/SupmecAERO-1-1024x1024.png 1024w, https:\/\/bde.isae-supmeca.fr\/wp-content\/uploads\/2025\/06\/SupmecAERO-1-150x150.png 150w, https:\/\/bde.isae-supmeca.fr\/wp-content\/uploads\/2025\/06\/SupmecAERO-1-768x768.png 768w, https:\/\/bde.isae-supmeca.fr\/wp-content\/uploads\/2025\/06\/SupmecAERO-1-1536x1536.png 1536w, https:\/\/bde.isae-supmeca.fr\/wp-content\/uploads\/2025\/06\/SupmecAERO-1-2048x2048.png 2048w\" sizes=\"auto, (max-width: 2560px) 100vw, 2560px\" \/><\/figure>\n\n\n\n<p class=\"has-text-align-center has-custom-color-5-color has-text-color\" style=\"font-size:14px;line-height:1.8\">Avions, drones, fus\u00e9es, h\u00e9licopt\u00e8res de combat, zeppelins ou que sais-je ? Ici, lancez vos projets ou rejoignez en un. En apprenant \u00e0 vous servir de tous nos outils, tant que \u00e7a vole, tout le club sera avec vous !<\/p>\n<\/div>\n\n\n\n<div class=\"wp-block-column is-layout-flow wp-container-core-column-is-layout-3ca914a4 wp-block-column-is-layout-flow\">\n<h6 class=\"wp-block-heading has-text-align-center has-contrast-color has-text-color\" style=\"font-size:clamp(15.747px, 0.984rem + ((1vw - 3.2px) * 0.938), 24px);font-style:normal;font-weight:600;text-transform:none\">TAERS<\/h6>\n\n\n\n<figure class=\"wp-block-image aligncenter size-full is-resized\"><img loading=\"lazy\" decoding=\"async\" width=\"454\" height=\"573\" src=\"https:\/\/bde.isae-supmeca.fr\/wp-content\/uploads\/2025\/06\/TAERS-1.png\" alt=\"\" class=\"wp-image-68\" style=\"width:100px\" srcset=\"https:\/\/bde.isae-supmeca.fr\/wp-content\/uploads\/2025\/06\/TAERS-1.png 454w, https:\/\/bde.isae-supmeca.fr\/wp-content\/uploads\/2025\/06\/TAERS-1-238x300.png 238w\" sizes=\"auto, (max-width: 454px) 100vw, 454px\" \/><\/figure>\n\n\n\n<p class=\"has-text-align-center has-custom-color-5-color has-text-color\" style=\"font-size:14px;line-height:1.8\">Avec le club robotique T\u00c6RS tu pourras apprendre \u00e0 programmer, imprimer en 3D et faire de l\u2019\u00e9lectronique. Tu pourras aussi participer \u00e0 la coupe de France de robotique, concevoir un robot Wall-E ou m\u00eame restaurer un robot industriel.<\/p>\n<\/div>\n<\/div>\n\n\n\n<div class=\"wp-block-columns alignfull is-layout-flex wp-container-core-columns-is-layout-17070c2b wp-block-columns-is-layout-flex\">\n<div class=\"wp-block-column is-layout-flow wp-container-core-column-is-layout-3ca914a4 wp-block-column-is-layout-flow\">\n<p><\/p>\n\n\n\n<h6 class=\"wp-block-heading has-text-align-center has-contrast-color has-text-color\" style=\"font-size:clamp(15.747px, 0.984rem + ((1vw - 3.2px) * 0.938), 24px);font-style:normal;font-weight:600;text-transform:none\">Le Perrok&rsquo;<\/h6>\n\n\n\n<figure class=\"wp-block-image aligncenter size-full is-resized\"><img loading=\"lazy\" decoding=\"async\" width=\"2196\" height=\"2560\" src=\"https:\/\/bde.isae-supmeca.fr\/wp-content\/uploads\/2025\/06\/Perrok-scaled.png\" alt=\"\" class=\"wp-image-69\" style=\"width:100px\" srcset=\"https:\/\/bde.isae-supmeca.fr\/wp-content\/uploads\/2025\/06\/Perrok-scaled.png 2196w, https:\/\/bde.isae-supmeca.fr\/wp-content\/uploads\/2025\/06\/Perrok-257x300.png 257w, https:\/\/bde.isae-supmeca.fr\/wp-content\/uploads\/2025\/06\/Perrok-878x1024.png 878w, https:\/\/bde.isae-supmeca.fr\/wp-content\/uploads\/2025\/06\/Perrok-768x895.png 768w, https:\/\/bde.isae-supmeca.fr\/wp-content\/uploads\/2025\/06\/Perrok-1317x1536.png 1317w, https:\/\/bde.isae-supmeca.fr\/wp-content\/uploads\/2025\/06\/Perrok-1756x2048.png 1756w\" sizes=\"auto, (max-width: 2196px) 100vw, 2196px\" \/><\/figure>\n\n\n\n<p class=\"has-text-align-center has-contrast-color has-text-color\" style=\"font-size:14px;line-height:1.8\">Le Perrok c\u2019est LE journal de l\u2019\u00e9cole. V\u00e9ritable contre-pouvoir \u00e0 Supm\u00e9ca il permet \u00e0 tous les \u00e9l\u00e8ves de s\u2019exprimer librement sous des formes diverses allant de l\u2019humour \u00e0 la revendication en passant par quelques phrases po\u00e9tiques.<\/p>\n<\/div>\n\n\n\n<div class=\"wp-block-column is-layout-flow wp-container-core-column-is-layout-3ca914a4 wp-block-column-is-layout-flow\">\n<p><\/p>\n\n\n\n<h6 class=\"wp-block-heading has-text-align-center has-contrast-color has-text-color\" style=\"font-size:clamp(15.747px, 0.984rem + ((1vw - 3.2px) * 0.938), 24px);font-style:normal;font-weight:600;text-transform:none\">3S<\/h6>\n\n\n\n<figure class=\"wp-block-image aligncenter size-full is-resized\"><img loading=\"lazy\" decoding=\"async\" width=\"1080\" height=\"1080\" src=\"https:\/\/bde.isae-supmeca.fr\/wp-content\/uploads\/2025\/06\/original-AB1ED66C-12F3-4323-92C2-C2F1BCDFE7CF-1.jpeg\" alt=\"\" class=\"wp-image-151\" style=\"width:100px\" srcset=\"https:\/\/bde.isae-supmeca.fr\/wp-content\/uploads\/2025\/06\/original-AB1ED66C-12F3-4323-92C2-C2F1BCDFE7CF-1.jpeg 1080w, https:\/\/bde.isae-supmeca.fr\/wp-content\/uploads\/2025\/06\/original-AB1ED66C-12F3-4323-92C2-C2F1BCDFE7CF-1-300x300.jpeg 300w, https:\/\/bde.isae-supmeca.fr\/wp-content\/uploads\/2025\/06\/original-AB1ED66C-12F3-4323-92C2-C2F1BCDFE7CF-1-1024x1024.jpeg 1024w, https:\/\/bde.isae-supmeca.fr\/wp-content\/uploads\/2025\/06\/original-AB1ED66C-12F3-4323-92C2-C2F1BCDFE7CF-1-150x150.jpeg 150w, https:\/\/bde.isae-supmeca.fr\/wp-content\/uploads\/2025\/06\/original-AB1ED66C-12F3-4323-92C2-C2F1BCDFE7CF-1-768x768.jpeg 768w\" sizes=\"auto, (max-width: 1080px) 100vw, 1080px\" \/><\/figure>\n\n\n\n<p class=\"has-text-align-center has-contrast-color has-text-color\" style=\"font-size:14px;line-height:1.8\">Nous aidons les \u00e9l\u00e8ves du coll\u00e8ge aux \u00e9tudes sup\u00e9rieures dans leurs devoirs et dans l&rsquo;apprentissage des le\u00e7ons. C&rsquo;est tous les lundis et les mercredis entre 17h45 et 19h45.<\/p>\n<\/div>\n\n\n\n<div class=\"wp-block-column is-layout-flow wp-container-core-column-is-layout-3ca914a4 wp-block-column-is-layout-flow\">\n<p><\/p>\n\n\n\n<h6 class=\"wp-block-heading has-text-align-center has-contrast-color has-text-color\" style=\"font-size:clamp(15.747px, 0.984rem + ((1vw - 3.2px) * 0.938), 24px);font-style:normal;font-weight:600;text-transform:none\">\u00c9costudent<\/h6>\n\n\n\n<figure class=\"wp-block-image aligncenter size-full is-resized\"><img loading=\"lazy\" decoding=\"async\" width=\"1740\" height=\"1740\" src=\"https:\/\/bde.isae-supmeca.fr\/wp-content\/uploads\/2025\/06\/Ecostudent.png\" alt=\"\" class=\"wp-image-70\" style=\"width:100px\" srcset=\"https:\/\/bde.isae-supmeca.fr\/wp-content\/uploads\/2025\/06\/Ecostudent.png 1740w, https:\/\/bde.isae-supmeca.fr\/wp-content\/uploads\/2025\/06\/Ecostudent-300x300.png 300w, https:\/\/bde.isae-supmeca.fr\/wp-content\/uploads\/2025\/06\/Ecostudent-1024x1024.png 1024w, https:\/\/bde.isae-supmeca.fr\/wp-content\/uploads\/2025\/06\/Ecostudent-150x150.png 150w, https:\/\/bde.isae-supmeca.fr\/wp-content\/uploads\/2025\/06\/Ecostudent-768x768.png 768w, https:\/\/bde.isae-supmeca.fr\/wp-content\/uploads\/2025\/06\/Ecostudent-1536x1536.png 1536w\" sizes=\"auto, (max-width: 1740px) 100vw, 1740px\" \/><\/figure>\n\n\n\n<p class=\"has-text-align-center has-contrast-color has-text-color\" style=\"font-size:14px;line-height:1.8\">Ici nous nous engageons pour la protection de l\u2019environnement au travers des projets de sensibilisation et aupr\u00e8s des enseignants afin de donner du sens \u00e0 notre formation d\u2019ing\u00e9nieur.<\/p>\n<\/div>\n<\/div>\n\n\n\n<div class=\"wp-block-columns alignfull is-layout-flex wp-container-core-columns-is-layout-17070c2b wp-block-columns-is-layout-flex\">\n<div class=\"wp-block-column is-layout-flow wp-container-core-column-is-layout-3ca914a4 wp-block-column-is-layout-flow\">\n<p><\/p>\n\n\n\n<h6 class=\"wp-block-heading has-text-align-center has-contrast-color has-text-color\" style=\"font-size:clamp(15.747px, 0.984rem + ((1vw - 3.2px) * 0.938), 24px);font-style:normal;font-weight:600;text-transform:none\">New D\u00e9fi<\/h6>\n\n\n\n<figure class=\"wp-block-image aligncenter size-full is-resized\"><img loading=\"lazy\" decoding=\"async\" width=\"500\" height=\"500\" src=\"https:\/\/bde.isae-supmeca.fr\/wp-content\/uploads\/2025\/06\/NewDefi.png\" alt=\"\" class=\"wp-image-71\" style=\"width:100px\" srcset=\"https:\/\/bde.isae-supmeca.fr\/wp-content\/uploads\/2025\/06\/NewDefi.png 500w, https:\/\/bde.isae-supmeca.fr\/wp-content\/uploads\/2025\/06\/NewDefi-300x300.png 300w, https:\/\/bde.isae-supmeca.fr\/wp-content\/uploads\/2025\/06\/NewDefi-150x150.png 150w\" sizes=\"auto, (max-width: 500px) 100vw, 500px\" \/><\/figure>\n\n\n\n<p class=\"has-text-align-center has-contrast-color has-text-color\" style=\"font-size:14px;line-height:1.8\">C\u2019est l\u2019association humanitaire de l\u2019\u00e9cole. Nous finan\u00e7ons la construction d\u2019une \u00e9cole au B\u00e9nin au travers de diverses actions. Nous intervenons aussi sur place pour participer physiquement au chantier et d\u00e9couvrir la culture B\u00e9ninoise.<\/p>\n<\/div>\n\n\n\n<div class=\"wp-block-column is-layout-flow wp-container-core-column-is-layout-3ca914a4 wp-block-column-is-layout-flow\">\n<p><\/p>\n\n\n\n<h6 class=\"wp-block-heading has-text-align-center has-contrast-color has-text-color\" style=\"font-size:clamp(15.747px, 0.984rem + ((1vw - 3.2px) * 0.938), 24px);font-style:normal;font-weight:600;text-transform:none\">M\u00e9cazik<\/h6>\n\n\n\n<figure class=\"wp-block-image aligncenter size-full is-resized\"><img loading=\"lazy\" decoding=\"async\" width=\"1080\" height=\"1090\" src=\"https:\/\/bde.isae-supmeca.fr\/wp-content\/uploads\/2025\/06\/Mecazik.jpeg\" alt=\"\" class=\"wp-image-72\" style=\"width:100px\" srcset=\"https:\/\/bde.isae-supmeca.fr\/wp-content\/uploads\/2025\/06\/Mecazik.jpeg 1080w, https:\/\/bde.isae-supmeca.fr\/wp-content\/uploads\/2025\/06\/Mecazik-297x300.jpeg 297w, https:\/\/bde.isae-supmeca.fr\/wp-content\/uploads\/2025\/06\/Mecazik-1015x1024.jpeg 1015w, https:\/\/bde.isae-supmeca.fr\/wp-content\/uploads\/2025\/06\/Mecazik-150x150.jpeg 150w, https:\/\/bde.isae-supmeca.fr\/wp-content\/uploads\/2025\/06\/Mecazik-768x775.jpeg 768w\" sizes=\"auto, (max-width: 1080px) 100vw, 1080px\" \/><\/figure>\n\n\n\n<p class=\"has-text-align-center has-contrast-color has-text-color\" style=\"font-size:14px;line-height:1.8\">L&rsquo;association musicale de Supm\u00e9ca ! Nous mettons \u00e0 disposition une salle de musique avec guitares, batterie, micros, piano, tout ce qu&rsquo;il faut pour jouer seul ou en groupe, que vous soyez d\u00e9butant ou d\u00e9j\u00e0 grand musicien. Nous organisons \u00e9galement des concerts pour montrer vos talents sur sc\u00e8ne !<\/p>\n<\/div>\n\n\n\n<div class=\"wp-block-column is-layout-flow wp-container-core-column-is-layout-3ca914a4 wp-block-column-is-layout-flow\">\n<p><\/p>\n\n\n\n<h6 class=\"wp-block-heading has-text-align-center has-custom-color-5-color has-text-color\" style=\"font-size:clamp(15.747px, 0.984rem + ((1vw - 3.2px) * 0.938), 24px);font-style:normal;font-weight:600;text-transform:none\">Le BDB<\/h6>\n\n\n\n<figure class=\"wp-block-image aligncenter size-full is-resized\"><img loading=\"lazy\" decoding=\"async\" width=\"338\" height=\"337\" src=\"https:\/\/bde.isae-supmeca.fr\/wp-content\/uploads\/2025\/06\/BDB.png\" alt=\"\" class=\"wp-image-73\" style=\"width:100px\" srcset=\"https:\/\/bde.isae-supmeca.fr\/wp-content\/uploads\/2025\/06\/BDB.png 338w, https:\/\/bde.isae-supmeca.fr\/wp-content\/uploads\/2025\/06\/BDB-300x300.png 300w, https:\/\/bde.isae-supmeca.fr\/wp-content\/uploads\/2025\/06\/BDB-150x150.png 150w\" sizes=\"auto, (max-width: 338px) 100vw, 338px\" \/><\/figure>\n\n\n\n<p class=\"has-text-align-center has-contrast-color has-text-color\" style=\"font-size:14px;line-height:1.8\">Le Bureau de la (bonne) bouffe est un savoureux m\u00e9lange de bons moments auquel chacun peut go\u00fbter : entre 2 bonnes tranches de rigolade en cuisine, il faut qu&rsquo;on envoie du steak ! Alors n&rsquo;h\u00e9site plus et viens mettre la main \u00e0 la p\u00e2te !<\/p>\n<\/div>\n<\/div>\n\n\n\n<div class=\"wp-block-columns alignfull is-layout-flex wp-container-core-columns-is-layout-17070c2b wp-block-columns-is-layout-flex\">\n<div class=\"wp-block-column is-layout-flow wp-container-core-column-is-layout-3ca914a4 wp-block-column-is-layout-flow\">\n<p><\/p>\n\n\n\n<h6 class=\"wp-block-heading has-text-align-center has-custom-color-5-color has-text-color\" style=\"font-size:clamp(15.747px, 0.984rem + ((1vw - 3.2px) * 0.938), 24px);font-style:normal;font-weight:600;text-transform:none\">Supm\u00e9ca Studio<\/h6>\n\n\n\n<figure class=\"wp-block-image aligncenter size-full is-resized\"><img loading=\"lazy\" decoding=\"async\" width=\"1024\" height=\"1024\" src=\"https:\/\/bde.isae-supmeca.fr\/wp-content\/uploads\/2025\/06\/Unknown.jpg\" alt=\"\" class=\"wp-image-189\" style=\"width:100px\" srcset=\"https:\/\/bde.isae-supmeca.fr\/wp-content\/uploads\/2025\/06\/Unknown.jpg 1024w, https:\/\/bde.isae-supmeca.fr\/wp-content\/uploads\/2025\/06\/Unknown-300x300.jpg 300w, https:\/\/bde.isae-supmeca.fr\/wp-content\/uploads\/2025\/06\/Unknown-150x150.jpg 150w, https:\/\/bde.isae-supmeca.fr\/wp-content\/uploads\/2025\/06\/Unknown-768x768.jpg 768w\" sizes=\"auto, (max-width: 1024px) 100vw, 1024px\" \/><\/figure>\n\n\n\n<p class=\"has-text-align-center has-contrast-color has-text-color\" style=\"font-size:14px;line-height:1.8\">Le club photographie tous les \u00e9v\u00e8nements \u00e0 l\u2019\u00e9cole. On organise des sorties photos parisiennes et des concours tous les mois. Le club met aussi \u00e0 disposition beaucoup de mat\u00e9riel pour vous.<\/p>\n<\/div>\n\n\n\n<div class=\"wp-block-column is-layout-flow wp-container-core-column-is-layout-3ca914a4 wp-block-column-is-layout-flow\">\n<p><\/p>\n\n\n\n<h6 class=\"wp-block-heading has-text-align-center has-custom-color-5-color has-text-color\" style=\"font-size:clamp(15.747px, 0.984rem + ((1vw - 3.2px) * 0.938), 24px);font-style:normal;font-weight:600;text-transform:none\">Supm\u00e9ca Debating Club<\/h6>\n\n\n\n<figure class=\"wp-block-image aligncenter size-full is-resized\"><img loading=\"lazy\" decoding=\"async\" width=\"640\" height=\"640\" src=\"https:\/\/bde.isae-supmeca.fr\/wp-content\/uploads\/2025\/06\/a5d18a0fd63207c0e3c09beb7e10615f.jpeg\" alt=\"\" class=\"wp-image-231\" style=\"width:100px\" srcset=\"https:\/\/bde.isae-supmeca.fr\/wp-content\/uploads\/2025\/06\/a5d18a0fd63207c0e3c09beb7e10615f.jpeg 640w, https:\/\/bde.isae-supmeca.fr\/wp-content\/uploads\/2025\/06\/a5d18a0fd63207c0e3c09beb7e10615f-300x300.jpeg 300w, https:\/\/bde.isae-supmeca.fr\/wp-content\/uploads\/2025\/06\/a5d18a0fd63207c0e3c09beb7e10615f-150x150.jpeg 150w\" sizes=\"auto, (max-width: 640px) 100vw, 640px\" \/><\/figure>\n\n\n\n<p class=\"has-text-align-center has-contrast-color has-text-color\" style=\"font-size:14px;line-height:1.8\">Hello speaker ! Tu aimes la sc\u00e8ne ? Tu aimes d\u00e9battre ? Tu veux perfectionner ton niveau en anglais ? Alors n\u2019h\u00e9site pas \u00e0 rejoindre le Supmeca Debating Club et d\u00e9battre contre plein d\u2019autres \u00e9cole en France dans la prestigieuse French Debating Association.<\/p>\n<\/div>\n\n\n\n<div class=\"wp-block-column is-layout-flow wp-container-core-column-is-layout-3ca914a4 wp-block-column-is-layout-flow\">\n<p><\/p>\n\n\n\n<h6 class=\"wp-block-heading has-text-align-center has-custom-color-5-color has-text-color\" style=\"font-size:clamp(15.747px, 0.984rem + ((1vw - 3.2px) * 0.938), 24px);font-style:normal;font-weight:600;text-transform:none\">Sensum<\/h6>\n\n\n\n<figure class=\"wp-block-image aligncenter size-full is-resized\"><img loading=\"lazy\" decoding=\"async\" width=\"233\" height=\"265\" src=\"https:\/\/bde.isae-supmeca.fr\/wp-content\/uploads\/2025\/06\/Sensum.png\" alt=\"\" class=\"wp-image-74\" style=\"width:100px\"\/><\/figure>\n\n\n\n<p class=\"has-text-align-center has-contrast-color has-text-color\" style=\"font-size:14px;line-height:1.8\">Association DJ de l\u2019\u00e9cole responsable de l\u2019organisation et du mix de la musique en soir\u00e9e \u00e0 ISAE Supm\u00e9ca. Nous proposons aussi des sessions de mix individuelles.<\/p>\n<\/div>\n<\/div>\n<\/div>\n\n\n\n<p><\/p>\n","protected":false},"excerpt":{"rendered":"<p>Les Assos de Supm\u00e9ca Les assos \u00e0 ISAE-Supm\u00e9ca, c\u2019est l\u2019\u00e2me de l\u2019\u00e9cole ! Elles organisent les projets, les sorties, les comp\u00e9titions, les cr\u00e9ations, et t\u2019offrent plein d\u2019opportunit\u00e9s de t\u2019investir et t\u2019\u00e9clater.&nbsp; De l&rsquo;art, au sport, en passant par l&rsquo;humanitaire, il y en a pour tout le monde Les Assos ont tenu \u00e0 se pr\u00e9senter ! [&hellip;]<\/p>\n","protected":false},"author":2,"featured_media":0,"parent":0,"menu_order":0,"comment_status":"closed","ping_status":"closed","template":"","meta":{"footnotes":""},"class_list":["post-120","page","type-page","status-publish","hentry"],"_links":{"self":[{"href":"https:\/\/bde.isae-supmeca.fr\/index.php\/wp-json\/wp\/v2\/pages\/120","targetHints":{"allow":["GET"]}}],"collection":[{"href":"https:\/\/bde.isae-supmeca.fr\/index.php\/wp-json\/wp\/v2\/pages"}],"about":[{"href":"https:\/\/bde.isae-supmeca.fr\/index.php\/wp-json\/wp\/v2\/types\/page"}],"author":[{"embeddable":true,"href":"https:\/\/bde.isae-supmeca.fr\/index.php\/wp-json\/wp\/v2\/users\/2"}],"replies":[{"embeddable":true,"href":"https:\/\/bde.isae-supmeca.fr\/index.php\/wp-json\/wp\/v2\/comments?post=120"}],"version-history":[{"count":14,"href":"https:\/\/bde.isae-supmeca.fr\/index.php\/wp-json\/wp\/v2\/pages\/120\/revisions"}],"predecessor-version":[{"id":239,"href":"https:\/\/bde.isae-supmeca.fr\/index.php\/wp-json\/wp\/v2\/pages\/120\/revisions\/239"}],"wp:attachment":[{"href":"https:\/\/bde.isae-supmeca.fr\/index.php\/wp-json\/wp\/v2\/media?parent=120"}],"curies":[{"name":"wp","href":"https:\/\/api.w.org\/{rel}","templated":true}]}}