{"id":118,"date":"2025-06-13T09:49:49","date_gmt":"2025-06-13T07:49:49","guid":{"rendered":"https:\/\/bde.isae-supmeca.fr\/?page_id=118"},"modified":"2025-08-08T15:52:40","modified_gmt":"2025-08-08T13:52:40","slug":"prepare-ta-rentree","status":"publish","type":"page","link":"https:\/\/bde.isae-supmeca.fr\/index.php\/prepare-ta-rentree\/","title":{"rendered":"Pr\u00e9pare ta rentr\u00e9e !"},"content":{"rendered":"\n<div class=\"wp-block-cover alignfull is-light has-custom-content-position is-position-bottom-center\" style=\"margin-top:0;margin-bottom:0;padding-top:var(--wp--preset--spacing--50);padding-right:var(--wp--preset--spacing--50);padding-bottom:var(--wp--preset--spacing--50);padding-left:var(--wp--preset--spacing--50);min-height:753px;aspect-ratio:unset;\"><img loading=\"lazy\" decoding=\"async\" width=\"1024\" height=\"683\" class=\"wp-block-cover__image-background wp-image-57 size-large\" alt=\"\" src=\"https:\/\/bde.isae-supmeca.fr\/wp-content\/uploads\/2025\/06\/IMG_5302-1-1024x683.jpg\" data-object-fit=\"cover\" srcset=\"https:\/\/bde.isae-supmeca.fr\/wp-content\/uploads\/2025\/06\/IMG_5302-1-1024x683.jpg 1024w, https:\/\/bde.isae-supmeca.fr\/wp-content\/uploads\/2025\/06\/IMG_5302-1-300x200.jpg 300w, https:\/\/bde.isae-supmeca.fr\/wp-content\/uploads\/2025\/06\/IMG_5302-1-768x512.jpg 768w, https:\/\/bde.isae-supmeca.fr\/wp-content\/uploads\/2025\/06\/IMG_5302-1-1536x1024.jpg 1536w, https:\/\/bde.isae-supmeca.fr\/wp-content\/uploads\/2025\/06\/IMG_5302-1.jpg 1920w\" sizes=\"auto, (max-width: 1024px) 100vw, 1024px\" \/><span aria-hidden=\"true\" class=\"wp-block-cover__background has-background-dim-10 has-background-dim\" style=\"background-color:#8c8789\"><\/span><div class=\"wp-block-cover__inner-container has-global-padding is-layout-constrained wp-container-core-cover-is-layout-d89aad35 wp-block-cover-is-layout-constrained\">\n<div class=\"wp-block-group alignwide has-global-padding is-content-justification-center is-layout-constrained wp-container-core-group-is-layout-f3841735 wp-block-group-is-layout-constrained\">\n<h2 class=\"wp-block-heading has-text-align-center has-custom-color-4-color has-text-color has-link-color has-xx-large-font-size wp-elements-fe498a1e252567c5f4f51ef879ddf11e\" style=\"font-style:normal;font-weight:700\"><br>Bienvenue dans l\u2019aventure ISAE-Supm\u00e9ca !<\/h2>\n\n\n\n<p class=\"has-text-align-center has-custom-color-4-color has-text-color has-link-color wp-elements-edccaed5c79b4e5461585f7190ed1507\">On commence l\u2019ann\u00e9e sur les chapeaux de roues avec une semaine d\u2019int\u00e9gration au top ! Des jeux, des rencontres, des activit\u00e9s et surtout\u2026 du fun pour bien lancer ton ann\u00e9e.&nbsp;<\/p>\n<\/div>\n<\/div><\/div>\n\n\n\n<div class=\"wp-block-group alignfull has-global-padding is-layout-constrained wp-block-group-is-layout-constrained\">\n<div class=\"wp-block-columns alignfull is-style-default has-custom-color-1-background-color has-background is-layout-flex wp-container-core-columns-is-layout-28f84493 wp-block-columns-is-layout-flex\">\n<div class=\"wp-block-column is-vertically-aligned-center is-layout-flow wp-block-column-is-layout-flow\" style=\"flex-basis:44%\">\n<h2 class=\"wp-block-heading has-text-align-center has-text-color\" style=\"color:#000000;padding-right:var(--wp--preset--spacing--20);padding-left:var(--wp--preset--spacing--20);font-size:clamp(34.757px, 2.172rem + ((1vw - 3.2px) * 3.209), 63px);\"><strong><strong>Ta premi\u00e8re semaine \u00e0 l\u2019\u00e9cole !<\/strong><\/strong><\/h2>\n\n\n\n<p class=\"has-text-align-center has-text-color\" style=\"color:#636363;padding-right:var(--wp--preset--spacing--20);padding-left:var(--wp--preset--spacing--20);font-size:clamp(14px, 0.875rem + ((1vw - 3.2px) * 0.341), 17px);line-height:1.1\">Pr\u00e9vois ta semaine, car c\u2019est le moment de tous nous rencontrer. Ensemble avec l\u2019\u00e9cole on a tout pens\u00e9 pour que tu te sentes chez toi d\u00e8s les premiers jours.<\/p>\n\n\n\n<p class=\"has-text-align-center has-text-color\" style=\"color:#636363;padding-right:var(--wp--preset--spacing--20);padding-left:var(--wp--preset--spacing--20);font-size:clamp(14px, 0.875rem + ((1vw - 3.2px) * 0.341), 17px);line-height:1.1\">Les deux premiers repas \u00e0 l\u2019\u00e9cole vous seront offerts, on vous y attend nombreux !<\/p>\n<\/div>\n\n\n\n<div class=\"wp-block-column is-layout-flow wp-block-column-is-layout-flow\" style=\"flex-basis:56%\">\n<figure class=\"wp-block-image size-large\"><img loading=\"lazy\" decoding=\"async\" width=\"1024\" height=\"576\" src=\"https:\/\/bde.isae-supmeca.fr\/wp-content\/uploads\/2025\/06\/Plannings-2-1024x576.png\" alt=\"\" class=\"wp-image-211\" srcset=\"https:\/\/bde.isae-supmeca.fr\/wp-content\/uploads\/2025\/06\/Plannings-2-1024x576.png 1024w, https:\/\/bde.isae-supmeca.fr\/wp-content\/uploads\/2025\/06\/Plannings-2-300x169.png 300w, https:\/\/bde.isae-supmeca.fr\/wp-content\/uploads\/2025\/06\/Plannings-2-768x432.png 768w, https:\/\/bde.isae-supmeca.fr\/wp-content\/uploads\/2025\/06\/Plannings-2-1536x864.png 1536w, https:\/\/bde.isae-supmeca.fr\/wp-content\/uploads\/2025\/06\/Plannings-2.png 1920w\" sizes=\"auto, (max-width: 1024px) 100vw, 1024px\" \/><\/figure>\n<\/div>\n<\/div>\n<\/div>\n\n\n\n<div class=\"wp-block-group alignfull has-custom-color-4-background-color has-background has-global-padding is-layout-constrained wp-block-group-is-layout-constrained\">\n<h2 class=\"wp-block-heading has-text-align-center\">Petit mot pour te rassurer !<\/h2>\n\n\n\n<p class=\"has-text-align-center\">Tu vas arriver dans une \u00e9cole bienveillante, dynamique et pleine de vie. Que tu viennes de pr\u00e9pa, de BUT ou d\u2019ailleurs, t\u2019inqui\u00e8te pas : tout le monde se retrouve dans le m\u00eame bateau. Le BDE et les assos sont l\u00e0 pour t\u2019accompagner et te faire passer la meilleure ann\u00e9e possible.&nbsp;<\/p>\n\n\n\n<p class=\"has-text-align-center\"><strong>Tu ne seras jamais seul\u00b7e<\/strong>\u00a0\u2014 ici, on t\u2019int\u00e8gre, on te soutient, et on fait en sorte que tu te sentes vite chez toi.\u00a0<\/p>\n<\/div>\n\n\n\n<div class=\"wp-block-group alignfull has-custom-color-3-background-color has-background has-global-padding is-layout-constrained wp-block-group-is-layout-constrained\">\n<div class=\"wp-block-columns alignwide has-custom-color-3-background-color has-background is-layout-flex wp-container-core-columns-is-layout-28f84493 wp-block-columns-is-layout-flex\">\n<div class=\"wp-block-column is-vertically-aligned-center is-layout-flow wp-block-column-is-layout-flow\" style=\"flex-basis:33.33%\">\n<h2 class=\"wp-block-heading has-text-align-center\">Carte des environs !<\/h2>\n\n\n\n<p class=\"has-text-align-center\">Retrouve ici une carte avec tous les bons plans autour de l\u2019\u00e9cole : bouffe, bar, transports, photocopieuse, spots chill, spots de sport, lieux culturels\u2026 On a tout pr\u00e9vu.<\/p>\n<\/div>\n\n\n\n<div class=\"wp-block-column is-layout-flow wp-block-column-is-layout-flow\" style=\"flex-basis:66.66%\">\n<div style=\"position: relative; padding-bottom: 56.25%; height: 0; overflow: hidden;\">\n  <iframe loading=\"lazy\" \n    src=\"https:\/\/www.google.com\/maps\/d\/u\/0\/embed?mid=1-BWRN2EnO_qUBTKpYHhSs2RtN-R5dQY&#038;ehbc=2E312F&#038;noprof=1\" \n    width=\"100%\" \n    height=\"100%\" \n    style=\"position: absolute; top: 0; left: 0; width: 100%; height: 100%;\" \n    frameborder=\"0\" \n    allowfullscreen>\n  <\/iframe>\n<\/div>\n<\/div>\n<\/div>\n<\/div>\n\n\n\n<p><\/p>\n","protected":false},"excerpt":{"rendered":"<p>Ta premi\u00e8re semaine \u00e0 l\u2019\u00e9cole ! Pr\u00e9vois ta semaine, car c\u2019est le moment de tous nous rencontrer. Ensemble avec l\u2019\u00e9cole on a tout pens\u00e9 pour que tu te sentes chez toi d\u00e8s les premiers jours. Les deux premiers repas \u00e0 l\u2019\u00e9cole vous seront offerts, on vous y attend nombreux ! Petit mot pour te rassurer [&hellip;]<\/p>\n","protected":false},"author":2,"featured_media":0,"parent":0,"menu_order":0,"comment_status":"closed","ping_status":"closed","template":"","meta":{"footnotes":""},"class_list":["post-118","page","type-page","status-publish","hentry"],"_links":{"self":[{"href":"https:\/\/bde.isae-supmeca.fr\/index.php\/wp-json\/wp\/v2\/pages\/118","targetHints":{"allow":["GET"]}}],"collection":[{"href":"https:\/\/bde.isae-supmeca.fr\/index.php\/wp-json\/wp\/v2\/pages"}],"about":[{"href":"https:\/\/bde.isae-supmeca.fr\/index.php\/wp-json\/wp\/v2\/types\/page"}],"author":[{"embeddable":true,"href":"https:\/\/bde.isae-supmeca.fr\/index.php\/wp-json\/wp\/v2\/users\/2"}],"replies":[{"embeddable":true,"href":"https:\/\/bde.isae-supmeca.fr\/index.php\/wp-json\/wp\/v2\/comments?post=118"}],"version-history":[{"count":15,"href":"https:\/\/bde.isae-supmeca.fr\/index.php\/wp-json\/wp\/v2\/pages\/118\/revisions"}],"predecessor-version":[{"id":237,"href":"https:\/\/bde.isae-supmeca.fr\/index.php\/wp-json\/wp\/v2\/pages\/118\/revisions\/237"}],"wp:attachment":[{"href":"https:\/\/bde.isae-supmeca.fr\/index.php\/wp-json\/wp\/v2\/media?parent=118"}],"curies":[{"name":"wp","href":"https:\/\/api.w.org\/{rel}","templated":true}]}}