{"id":115,"date":"2025-06-13T09:48:51","date_gmt":"2025-06-13T07:48:51","guid":{"rendered":"https:\/\/bde.isae-supmeca.fr\/?page_id=115"},"modified":"2025-06-15T22:59:06","modified_gmt":"2025-06-15T20:59:06","slug":"accueil","status":"publish","type":"page","link":"https:\/\/bde.isae-supmeca.fr\/","title":{"rendered":"Accueil"},"content":{"rendered":"\n<div class=\"wp-block-cover alignfull is-light has-text-color\" style=\"color:#0c4ab2;margin-top:0;margin-bottom:0;padding-top:0;padding-bottom:0;min-height:880px;aspect-ratio:unset;\"><img loading=\"lazy\" decoding=\"async\" width=\"2560\" height=\"1920\" class=\"wp-block-cover__image-background wp-image-226 size-large\" alt=\"\" src=\"https:\/\/bde.isae-supmeca.fr\/wp-content\/uploads\/2025\/06\/IMG_7200-2-scaled.webp\" data-object-fit=\"cover\" srcset=\"https:\/\/bde.isae-supmeca.fr\/wp-content\/uploads\/2025\/06\/IMG_7200-2-scaled.webp 2560w, https:\/\/bde.isae-supmeca.fr\/wp-content\/uploads\/2025\/06\/IMG_7200-2-300x225.webp 300w, https:\/\/bde.isae-supmeca.fr\/wp-content\/uploads\/2025\/06\/IMG_7200-2-1024x768.webp 1024w, https:\/\/bde.isae-supmeca.fr\/wp-content\/uploads\/2025\/06\/IMG_7200-2-768x576.webp 768w, https:\/\/bde.isae-supmeca.fr\/wp-content\/uploads\/2025\/06\/IMG_7200-2-1536x1152.webp 1536w, https:\/\/bde.isae-supmeca.fr\/wp-content\/uploads\/2025\/06\/IMG_7200-2-2048x1536.webp 2048w\" sizes=\"auto, (max-width: 2560px) 100vw, 2560px\" \/><span aria-hidden=\"true\" class=\"wp-block-cover__background has-background-dim-0 has-background-dim\" style=\"background-color:#7e817d\"><\/span><div class=\"wp-block-cover__inner-container has-global-padding is-layout-constrained wp-container-core-cover-is-layout-858e3905 wp-block-cover-is-layout-constrained\">\n<h1 class=\"wp-block-heading alignfull has-text-align-center has-text-color\" style=\"color:#ffffff;font-size:clamp(46.987px, 2.937rem + ((1vw - 3.2px) * 5.115), 92px);font-style:normal;font-weight:600\">BDE ISAE-Supm\u00e9ca<\/h1>\n<\/div><\/div>\n\n\n\n<div class=\"wp-block-columns alignfull has-background is-layout-flex wp-container-core-columns-is-layout-b61ab78d wp-block-columns-is-layout-flex\" style=\"background-color:#eaeae3;margin-top:0;margin-bottom:0;padding-top:0;padding-right:0;padding-bottom:0;padding-left:0\">\n<div class=\"wp-block-column is-vertically-aligned-center is-layout-flow wp-container-core-column-is-layout-a77db08e wp-block-column-is-layout-flow\">\n<div class=\"wp-block-group has-global-padding is-layout-constrained wp-container-core-group-is-layout-9ea61638 wp-block-group-is-layout-constrained\">\n<h4 class=\"wp-block-heading has-text-align-center has-custom-color-5-color has-text-color\" style=\"font-size:clamp(27.894px, 1.743rem + ((1vw - 3.2px) * 2.285), 48px);font-style:normal;font-weight:700;line-height:1.3\">Bienvenue \u00e0 toi, futur.e membre de la team Supm\u00e9ca !<\/h4>\n\n\n\n<p><\/p>\n\n\n\n<p style=\"border-style:none;border-width:0px;margin-right:0;margin-left:0;padding-right:var(--wp--preset--spacing--20);padding-left:var(--wp--preset--spacing--20);font-size:clamp(14.642px, 0.915rem + ((1vw - 3.2px) * 0.836), 22px);\">Le BDE, c\u2019est la team qui anime ta vie \u00e9tudiante \u00e0 ISAE-Supm\u00e9ca. On est l\u00e0 pour t\u2019organiser des \u00e9v\u00e9nements, t\u2019accompagner pendant ton int\u00e9gration, te faire kiffer ton ann\u00e9e et te cr\u00e9er des souvenirs avant ta vie d\u2019ing\u00e9nieur. Rejoins-nous et d\u00e9couvre tout ce qu\u2019on t\u2019a pr\u00e9par\u00e9 !&nbsp;<\/p>\n\n\n\n<div style=\"height:5px\" aria-hidden=\"true\" class=\"wp-block-spacer\"><\/div>\n<\/div>\n<\/div>\n\n\n\n<div class=\"wp-block-column is-layout-flow wp-container-core-column-is-layout-b108c007 wp-block-column-is-layout-flow\" style=\"padding-right:0;padding-left:0\">\n<figure class=\"wp-block-image aligncenter size-large\"><img loading=\"lazy\" decoding=\"async\" width=\"1024\" height=\"863\" src=\"https:\/\/bde.isae-supmeca.fr\/wp-content\/uploads\/2025\/06\/IMG_3504-1024x863.jpeg\" alt=\"\" class=\"wp-image-27\" style=\"object-fit:cover\" srcset=\"https:\/\/bde.isae-supmeca.fr\/wp-content\/uploads\/2025\/06\/IMG_3504-1024x863.jpeg 1024w, https:\/\/bde.isae-supmeca.fr\/wp-content\/uploads\/2025\/06\/IMG_3504-300x253.jpeg 300w, https:\/\/bde.isae-supmeca.fr\/wp-content\/uploads\/2025\/06\/IMG_3504-768x647.jpeg 768w, https:\/\/bde.isae-supmeca.fr\/wp-content\/uploads\/2025\/06\/IMG_3504-1536x1294.jpeg 1536w, https:\/\/bde.isae-supmeca.fr\/wp-content\/uploads\/2025\/06\/IMG_3504-2048x1725.jpeg 2048w\" sizes=\"auto, (max-width: 1024px) 100vw, 1024px\" \/><\/figure>\n<\/div>\n<\/div>\n\n\n\n<div class=\"wp-block-group alignfull has-custom-color-1-background-color has-background has-global-padding is-layout-constrained wp-container-core-group-is-layout-3d678ac5 wp-block-group-is-layout-constrained\" style=\"margin-top:0;margin-bottom:0;padding-top:120px;padding-bottom:120px\">\n<h2 class=\"wp-block-heading has-text-align-center has-custom-color-2-color has-custom-color-1-background-color has-text-color has-background\" style=\"font-size:clamp(40.809px, 2.551rem + ((1vw - 3.2px) * 4.113), 77px);font-style:normal;font-weight:600\">Nos Partenaires<\/h2>\n\n\n\n<div style=\"height:80px\" aria-hidden=\"true\" class=\"wp-block-spacer\"><\/div>\n\n\n\n<div class=\"wp-block-columns are-vertically-aligned-center is-layout-flex wp-container-core-columns-is-layout-17070c2b wp-block-columns-is-layout-flex\">\n<div class=\"wp-block-column is-vertically-aligned-center is-layout-flow wp-container-core-column-is-layout-3ca914a4 wp-block-column-is-layout-flow\">\n<figure class=\"wp-block-image aligncenter size-full is-resized\"><img loading=\"lazy\" decoding=\"async\" width=\"1750\" height=\"315\" src=\"https:\/\/bde.isae-supmeca.fr\/wp-content\/uploads\/2025\/06\/logo-site-web-simple-sans-fond.png\" alt=\"\" class=\"wp-image-29\" style=\"width:230px;height:auto\" srcset=\"https:\/\/bde.isae-supmeca.fr\/wp-content\/uploads\/2025\/06\/logo-site-web-simple-sans-fond.png 1750w, https:\/\/bde.isae-supmeca.fr\/wp-content\/uploads\/2025\/06\/logo-site-web-simple-sans-fond-300x54.png 300w, https:\/\/bde.isae-supmeca.fr\/wp-content\/uploads\/2025\/06\/logo-site-web-simple-sans-fond-1024x184.png 1024w, https:\/\/bde.isae-supmeca.fr\/wp-content\/uploads\/2025\/06\/logo-site-web-simple-sans-fond-768x138.png 768w, https:\/\/bde.isae-supmeca.fr\/wp-content\/uploads\/2025\/06\/logo-site-web-simple-sans-fond-1536x276.png 1536w\" sizes=\"auto, (max-width: 1750px) 100vw, 1750px\" \/><\/figure>\n\n\n\n<p class=\"has-text-align-center has-custom-color-5-color has-text-color\" style=\"font-size:14px;line-height:1.8\">Donne des cours \u00e0 ton rythme, gagne de l\u2019argent facilement, et aide des \u00e9l\u00e8ves \u00e0 r\u00e9ussir. Le job \u00e9tudiant sans prise de t\u00eate !<\/p>\n<\/div>\n\n\n\n<div class=\"wp-block-column is-vertically-aligned-center is-layout-flow wp-container-core-column-is-layout-3ca914a4 wp-block-column-is-layout-flow\">\n<figure class=\"wp-block-image aligncenter size-full is-resized\"><img loading=\"lazy\" decoding=\"async\" width=\"600\" height=\"200\" src=\"https:\/\/bde.isae-supmeca.fr\/wp-content\/uploads\/2025\/06\/logo_sumeria_parrainage.png\" alt=\"\" class=\"wp-image-31\" style=\"width:258px;height:auto\" srcset=\"https:\/\/bde.isae-supmeca.fr\/wp-content\/uploads\/2025\/06\/logo_sumeria_parrainage.png 600w, https:\/\/bde.isae-supmeca.fr\/wp-content\/uploads\/2025\/06\/logo_sumeria_parrainage-300x100.png 300w\" sizes=\"auto, (max-width: 600px) 100vw, 600px\" \/><\/figure>\n\n\n\n<p class=\"has-text-align-center has-custom-color-5-color has-text-color\" style=\"font-size:14px;line-height:1.8\">La banque en ligne avec une carte gratuite et une appli simple, pratique, et 100% mobile. Cool, non ? \ud83d\ude0e<\/p>\n<\/div>\n\n\n\n<div class=\"wp-block-column is-vertically-aligned-center is-layout-flow wp-container-core-column-is-layout-3ca914a4 wp-block-column-is-layout-flow\">\n<figure class=\"wp-block-image aligncenter size-full is-resized\"><img loading=\"lazy\" decoding=\"async\" width=\"465\" height=\"248\" src=\"https:\/\/bde.isae-supmeca.fr\/wp-content\/uploads\/2025\/06\/logo_en_voiture_simone_yopxkj.png\" alt=\"\" class=\"wp-image-30\" style=\"width:168px;height:auto\" srcset=\"https:\/\/bde.isae-supmeca.fr\/wp-content\/uploads\/2025\/06\/logo_en_voiture_simone_yopxkj.png 465w, https:\/\/bde.isae-supmeca.fr\/wp-content\/uploads\/2025\/06\/logo_en_voiture_simone_yopxkj-300x160.png 300w\" sizes=\"auto, (max-width: 465px) 100vw, 465px\" \/><\/figure>\n\n\n\n<p class=\"has-text-align-center has-custom-color-5-color has-text-color\" style=\"font-size:14px;line-height:1.8\">L\u2019auto-\u00e9cole qui s\u2019adapte \u00e0 toi : des cours flexibles, sans prise de t\u00eate, pour r\u00e9ussir ton permis facilement. Let\u2019s go ! \ud83c\udf89<\/p>\n<\/div>\n<\/div>\n<\/div>\n\n\n\n<div class=\"wp-block-group alignfull has-custom-color-4-background-color has-background has-global-padding is-layout-constrained wp-container-core-group-is-layout-3d678ac5 wp-block-group-is-layout-constrained\" style=\"margin-top:0;margin-bottom:0;padding-top:120px;padding-bottom:120px\">\n<h2 class=\"wp-block-heading has-text-align-center has-custom-color-2-color has-text-color\" style=\"font-size:clamp(29.768px, 1.861rem + ((1vw - 3.2px) * 2.526), 52px);font-style:normal;font-weight:600\">Nos r\u00e9seaux sociaux<\/h2>\n\n\n\n<div style=\"height:80px\" aria-hidden=\"true\" class=\"wp-block-spacer\"><\/div>\n\n\n\n<div class=\"wp-block-columns is-layout-flex wp-container-core-columns-is-layout-17070c2b wp-block-columns-is-layout-flex\">\n<div class=\"wp-block-column is-layout-flow wp-container-core-column-is-layout-3ca914a4 wp-block-column-is-layout-flow\">\n<figure class=\"wp-block-image aligncenter size-full is-resized\"><img loading=\"lazy\" decoding=\"async\" width=\"2560\" height=\"2157\" src=\"https:\/\/bde.isae-supmeca.fr\/wp-content\/uploads\/2025\/06\/IMG_3504-scaled.jpeg\" alt=\"\" class=\"wp-image-27\" style=\"width:152px;height:auto\" srcset=\"https:\/\/bde.isae-supmeca.fr\/wp-content\/uploads\/2025\/06\/IMG_3504-scaled.jpeg 2560w, https:\/\/bde.isae-supmeca.fr\/wp-content\/uploads\/2025\/06\/IMG_3504-300x253.jpeg 300w, https:\/\/bde.isae-supmeca.fr\/wp-content\/uploads\/2025\/06\/IMG_3504-1024x863.jpeg 1024w, https:\/\/bde.isae-supmeca.fr\/wp-content\/uploads\/2025\/06\/IMG_3504-768x647.jpeg 768w, https:\/\/bde.isae-supmeca.fr\/wp-content\/uploads\/2025\/06\/IMG_3504-1536x1294.jpeg 1536w, https:\/\/bde.isae-supmeca.fr\/wp-content\/uploads\/2025\/06\/IMG_3504-2048x1725.jpeg 2048w\" sizes=\"auto, (max-width: 2560px) 100vw, 2560px\" \/><\/figure>\n\n\n\n<h6 class=\"wp-block-heading has-text-align-center has-custom-color-2-color has-text-color\" style=\"font-size:clamp(15.747px, 0.984rem + ((1vw - 3.2px) * 0.938), 24px);font-style:normal;font-weight:600;text-transform:none\"><a href=\"https:\/\/www.instagram.com\/bde_isae_supmeca?utm_source=ig_web_button_share_sheet&amp;igsh=ZDNlZDc0MzIxNw==\">Instagram du BDE<\/a><\/h6>\n\n\n\n<p><\/p>\n<\/div>\n\n\n\n<div class=\"wp-block-column is-layout-flow wp-container-core-column-is-layout-3ca914a4 wp-block-column-is-layout-flow\">\n<figure class=\"wp-block-image aligncenter size-full is-resized\"><img loading=\"lazy\" decoding=\"async\" width=\"1000\" height=\"750\" src=\"https:\/\/bde.isae-supmeca.fr\/wp-content\/uploads\/2025\/06\/SupmecaBleu.png\" alt=\"\" class=\"wp-image-143\" style=\"width:168px;height:auto\" srcset=\"https:\/\/bde.isae-supmeca.fr\/wp-content\/uploads\/2025\/06\/SupmecaBleu.png 1000w, https:\/\/bde.isae-supmeca.fr\/wp-content\/uploads\/2025\/06\/SupmecaBleu-300x225.png 300w, https:\/\/bde.isae-supmeca.fr\/wp-content\/uploads\/2025\/06\/SupmecaBleu-768x576.png 768w\" sizes=\"auto, (max-width: 1000px) 100vw, 1000px\" \/><\/figure>\n\n\n\n<h6 class=\"wp-block-heading has-text-align-center has-custom-color-5-color has-text-color\" style=\"font-size:clamp(15.747px, 0.984rem + ((1vw - 3.2px) * 0.938), 24px);font-style:normal;font-weight:600;text-transform:none\"><a href=\"https:\/\/www.instagram.com\/isae_supmeca?utm_source=ig_web_button_share_sheet&amp;igsh=ZDNlZDc0MzIxNw==\">Instagram de l&rsquo;\u00e9cole<\/a><\/h6>\n\n\n\n<p><\/p>\n<\/div>\n\n\n\n<div class=\"wp-block-column is-layout-flow wp-container-core-column-is-layout-3ca914a4 wp-block-column-is-layout-flow\">\n<figure class=\"wp-block-image aligncenter size-full is-resized\"><img loading=\"lazy\" decoding=\"async\" width=\"500\" height=\"500\" src=\"https:\/\/bde.isae-supmeca.fr\/wp-content\/uploads\/2025\/06\/logo_mediation.png\" alt=\"\" class=\"wp-image-144\" style=\"width:130px;height:auto\" srcset=\"https:\/\/bde.isae-supmeca.fr\/wp-content\/uploads\/2025\/06\/logo_mediation.png 500w, https:\/\/bde.isae-supmeca.fr\/wp-content\/uploads\/2025\/06\/logo_mediation-300x300.png 300w, https:\/\/bde.isae-supmeca.fr\/wp-content\/uploads\/2025\/06\/logo_mediation-150x150.png 150w\" sizes=\"auto, (max-width: 500px) 100vw, 500px\" \/><\/figure>\n\n\n\n<h6 class=\"wp-block-heading has-text-align-center has-custom-color-2-color has-text-color\" style=\"font-size:clamp(15.747px, 0.984rem + ((1vw - 3.2px) * 0.938), 24px);font-style:normal;font-weight:600;text-transform:none\"><a href=\"https:\/\/www.instagram.com\/cellulemediation.isaesupmeca?utm_source=ig_web_button_share_sheet&amp;igsh=ZDNlZDc0MzIxNw==\">Instagram de la cellule de m\u00e9diation<\/a><\/h6>\n<\/div>\n<\/div>\n<\/div>\n\n\n\n<p><\/p>\n","protected":false},"excerpt":{"rendered":"<p>Bienvenue \u00e0 toi, futur.e membre de la team Supm\u00e9ca ! Le BDE, c\u2019est la team qui anime ta vie \u00e9tudiante \u00e0 ISAE-Supm\u00e9ca. On est l\u00e0 pour t\u2019organiser des \u00e9v\u00e9nements, t\u2019accompagner pendant ton int\u00e9gration, te faire kiffer ton ann\u00e9e et te cr\u00e9er des souvenirs avant ta vie d\u2019ing\u00e9nieur. Rejoins-nous et d\u00e9couvre tout ce qu\u2019on t\u2019a pr\u00e9par\u00e9 [&hellip;]<\/p>\n","protected":false},"author":2,"featured_media":0,"parent":0,"menu_order":0,"comment_status":"closed","ping_status":"closed","template":"","meta":{"footnotes":""},"class_list":["post-115","page","type-page","status-publish","hentry"],"_links":{"self":[{"href":"https:\/\/bde.isae-supmeca.fr\/index.php\/wp-json\/wp\/v2\/pages\/115","targetHints":{"allow":["GET"]}}],"collection":[{"href":"https:\/\/bde.isae-supmeca.fr\/index.php\/wp-json\/wp\/v2\/pages"}],"about":[{"href":"https:\/\/bde.isae-supmeca.fr\/index.php\/wp-json\/wp\/v2\/types\/page"}],"author":[{"embeddable":true,"href":"https:\/\/bde.isae-supmeca.fr\/index.php\/wp-json\/wp\/v2\/users\/2"}],"replies":[{"embeddable":true,"href":"https:\/\/bde.isae-supmeca.fr\/index.php\/wp-json\/wp\/v2\/comments?post=115"}],"version-history":[{"count":9,"href":"https:\/\/bde.isae-supmeca.fr\/index.php\/wp-json\/wp\/v2\/pages\/115\/revisions"}],"predecessor-version":[{"id":227,"href":"https:\/\/bde.isae-supmeca.fr\/index.php\/wp-json\/wp\/v2\/pages\/115\/revisions\/227"}],"wp:attachment":[{"href":"https:\/\/bde.isae-supmeca.fr\/index.php\/wp-json\/wp\/v2\/media?parent=115"}],"curies":[{"name":"wp","href":"https:\/\/api.w.org\/{rel}","templated":true}]}}